{"id":745,"date":"2016-03-10T18:51:46","date_gmt":"2016-03-10T18:51:46","guid":{"rendered":"https:\/\/default.houzez.co\/?page_id=745"},"modified":"2026-03-27T16:50:19","modified_gmt":"2026-03-27T16:50:19","slug":"terms-and-conditions","status":"publish","type":"page","link":"https:\/\/italista.it\/pl\/terms-and-conditions\/","title":{"rendered":"Warunki korzystania z serwisu"},"content":{"rendered":"<div data-elementor-type=\"wp-page\" data-elementor-id=\"745\" class=\"elementor elementor-745\" data-elementor-post-type=\"page\">\n\t\t\t\t<div class=\"elementor-element elementor-element-26291062 e-flex e-con-boxed e-con e-parent\" data-id=\"26291062\" data-element_type=\"container\" data-e-type=\"container\">\n\t\t\t\t\t<div class=\"e-con-inner\">\n\t\t\t\t<div class=\"elementor-element elementor-element-a23aeb9 elementor-widget elementor-widget-text-editor\" data-id=\"a23aeb9\" data-element_type=\"widget\" data-e-type=\"widget\" data-widget_type=\"text-editor.default\">\n\t\t\t\t\t\t\t\t\t<h1 data-section-id=\"q53lbi\" data-start=\"167\" data-end=\"211\"><span role=\"text\"><strong data-start=\"169\" data-end=\"211\">Regulamin \u2013 Platforma Italista<\/strong><\/span><\/h1>\n<h2 data-section-id=\"vflf2y\" data-start=\"213\" data-end=\"235\"><span role=\"text\"><strong data-start=\"216\" data-end=\"235\">1. Wprowadzenie<\/strong><\/span><\/h2>\n<p data-start=\"236\" data-end=\"302\">Witamy w <strong data-start=\"247\" data-end=\"301\">Italista \u2013 w\u0142oski rynek nieruchomo\u015bci i us\u0142ug<\/strong>.<\/p>\n<p data-start=\"304\" data-end=\"496\">Tworz\u0105c konto lub zamieszczaj\u0105c ofert\u0119 na tej platformie, wyra\u017casz zgod\u0119 na przestrzeganie i zwi\u0105zanie si\u0119 poni\u017cszymi Warunkami. Je\u015bli si\u0119 z nimi nie zgadzasz, prosimy o niekorzystanie z naszych us\u0142ug.<\/p>\n<hr data-start=\"498\" data-end=\"501\">\n<h2 data-section-id=\"hulc4k\" data-start=\"503\" data-end=\"532\"><span role=\"text\"><strong data-start=\"506\" data-end=\"532\">2. Akceptacja warunk\u00f3w<\/strong><\/span><\/h2>\n<p data-start=\"533\" data-end=\"669\"><strong data-start=\"533\" data-end=\"669\">Tworz\u0105c konto w serwisie Italista, automatycznie potwierdzasz, \u017ce przeczyta\u0142e\u015b, zrozumia\u0142e\u015b i akceptujesz niniejszy Regulamin.<\/strong><\/p>\n<p data-start=\"671\" data-end=\"757\">Dotyczy to wszystkich u\u017cytkownik\u00f3w, w tym sprzedawc\u00f3w prywatnych, agencji i dostawc\u00f3w us\u0142ug.<\/p>\n<hr data-start=\"759\" data-end=\"762\">\n<h2 data-section-id=\"1ml5eqw\" data-start=\"764\" data-end=\"794\"><span role=\"text\"><strong data-start=\"767\" data-end=\"794\">3. Rejestracja konta<\/strong><\/span><\/h2>\n<ul data-start=\"795\" data-end=\"1117\">\n<li data-section-id=\"6gkk40\" data-start=\"795\" data-end=\"856\">U\u017cytkownicy mog\u0105 utworzy\u0107 konto w celu dodania oferty nieruchomo\u015bci lub us\u0142ug.<\/li>\n<li data-section-id=\"yk812j\" data-start=\"857\" data-end=\"927\">Zgadzasz si\u0119 poda\u0107 dok\u0142adne, kompletne i aktualne informacje.<\/li>\n<li data-section-id=\"ok5rab\" data-start=\"928\" data-end=\"1008\">U\u017cytkownik jest odpowiedzialny za zachowanie poufno\u015bci swoich danych logowania.<\/li>\n<li data-section-id=\"6ls7qx\" data-start=\"1009\" data-end=\"1117\">Italista zastrzega sobie prawo do zawieszenia lub zamkni\u0119cia kont, kt\u00f3re zawieraj\u0105 fa\u0142szywe lub wprowadzaj\u0105ce w b\u0142\u0105d informacje.<\/li>\n<\/ul>\n<hr data-start=\"1119\" data-end=\"1122\">\n<h2 data-section-id=\"r5ohjp\" data-start=\"1124\" data-end=\"1152\"><span role=\"text\"><strong data-start=\"1127\" data-end=\"1152\">4. Z\u0142o\u017cenie oferty<\/strong><\/span><\/h2>\n<p data-start=\"1153\" data-end=\"1215\">Przesy\u0142aj\u0105c ofert\u0119 nieruchomo\u015bci lub us\u0142ugi, potwierdzasz, \u017ce:<\/p>\n<ul data-start=\"1216\" data-end=\"1475\">\n<li data-section-id=\"1pt7vhb\" data-start=\"1216\" data-end=\"1303\">Jeste\u015b prawnym w\u0142a\u015bcicielem lub masz pe\u0142ne upowa\u017cnienie do reklamowania danej nieruchomo\u015bci\/us\u0142ugi.<\/li>\n<li data-section-id=\"pw6qwh\" data-start=\"1304\" data-end=\"1401\">Wszystkie podane informacje (cena, lokalizacja, zdj\u0119cia, opis) s\u0105 dok\u0142adne i nie wprowadzaj\u0105 w b\u0142\u0105d.<\/li>\n<li data-section-id=\"1qk8h45\" data-start=\"1402\" data-end=\"1475\">Niniejsza oferta nie narusza \u017cadnych obowi\u0105zuj\u0105cych przepis\u00f3w prawa ani praw os\u00f3b trzecich.<\/li>\n<\/ul>\n<hr data-start=\"1477\" data-end=\"1480\">\n<h2 data-section-id=\"ivk9yn\" data-start=\"1482\" data-end=\"1554\"><span role=\"text\"><strong data-start=\"1485\" data-end=\"1554\">5. Wykorzystanie ofert w celach promocyjnych (w tym promocja w mediach spo\u0142eczno\u015bciowych)<\/strong><\/span><\/h2>\n<p data-start=\"1555\" data-end=\"1717\">Publikuj\u0105c ofert\u0119 na Italista, udzielasz nam <strong data-start=\"1607\" data-end=\"1657\">niewy\u0142\u0105czna, og\u00f3lno\u015bwiatowa, wolna od op\u0142at licencyjnych licencja<\/strong> aby wykorzysta\u0107 Twoje tre\u015bci do cel\u00f3w marketingowych i promocyjnych.<\/p>\n<p data-start=\"1719\" data-end=\"1746\">Obejmuje to prawo do:<\/p>\n<ul data-start=\"1748\" data-end=\"2042\">\n<li data-section-id=\"1kh7ct9\" data-start=\"1748\" data-end=\"1794\">Wy\u015bwietl swoj\u0105 ofert\u0119 na stronie internetowej Italista<\/li>\n<li data-section-id=\"1o01uy7\" data-start=\"1795\" data-end=\"1838\">Wyr\u00f3\u017cnij swoj\u0105 ofert\u0119 na <strong data-start=\"1825\" data-end=\"1838\">strona g\u0142\u00f3wna<\/strong><\/li>\n<li data-section-id=\"youah5\" data-start=\"1839\" data-end=\"1942\">Promuj swoj\u0105 ofert\u0119 w naszym serwisie <strong data-start=\"1873\" data-end=\"1898\">kana\u0142y medi\u00f3w spo\u0142eczno\u015bciowych<\/strong> (w tym Facebook, Instagram i inne)<\/li>\n<li data-section-id=\"1c0uw29\" data-start=\"1943\" data-end=\"2042\">U\u017cyj swojej oferty jako cz\u0119\u015bci <strong data-start=\"1973\" data-end=\"2009\">dodatkowe kampanie promocyjne<\/strong> aby zwi\u0119kszy\u0107 widoczno\u015b\u0107 i zasi\u0119g<\/li>\n<\/ul>\n<p data-start=\"2044\" data-end=\"2071\">Promocja mo\u017ce obejmowa\u0107:<\/p>\n<ul data-start=\"2072\" data-end=\"2157\">\n<li data-section-id=\"13c0mos\" data-start=\"2072\" data-end=\"2087\">Posty organiczne<\/li>\n<li data-section-id=\"u5tv2y\" data-start=\"2088\" data-end=\"2109\">P\u0142atne reklamy<\/li>\n<li data-section-id=\"vfx3e1\" data-start=\"2110\" data-end=\"2129\">Polecane oferty<\/li>\n<li data-section-id=\"apn7ql\" data-start=\"2130\" data-end=\"2157\">Kampanie marketingu e-mailowego<\/li>\n<\/ul>\n<p data-start=\"2159\" data-end=\"2265\"><strong data-start=\"2159\" data-end=\"2265\">Obecno\u015b\u0107 w mediach spo\u0142eczno\u015bciowych stanowi dodatkow\u0105 korzy\u015b\u0107 promocyjn\u0105 wynikaj\u0105c\u0105 z korzystania z platformy Italista.<\/strong><\/p>\n<p data-start=\"2267\" data-end=\"2288\">U\u017cytkownik przyjmuje do wiadomo\u015bci, \u017ce:<\/p>\n<ul data-start=\"2289\" data-end=\"2451\">\n<li data-section-id=\"1ght92n\" data-start=\"2289\" data-end=\"2343\">Za taki awans nie przys\u0142uguje \u017cadne dodatkowe wynagrodzenie<\/li>\n<li data-section-id=\"1yp6o2r\" data-start=\"2344\" data-end=\"2451\">Italista mo\u017ce edytowa\u0107, formatowa\u0107 lub dostosowywa\u0107 tre\u015b\u0107 do cel\u00f3w marketingowych (bez zmiany jej faktycznego znaczenia)<\/li>\n<\/ul>\n<hr data-start=\"2453\" data-end=\"2456\">\n<h2 data-section-id=\"1at1lw7\" data-start=\"2458\" data-end=\"2485\"><span role=\"text\"><strong data-start=\"2461\" data-end=\"2485\">6. W\u0142asno\u015b\u0107 tre\u015bci<\/strong><\/span><\/h2>\n<ul data-start=\"2486\" data-end=\"2691\">\n<li data-section-id=\"1mwsp5u\" data-start=\"2486\" data-end=\"2535\">Zachowujesz prawo w\u0142asno\u015bci do wszystkich tre\u015bci, kt\u00f3re przesy\u0142asz.<\/li>\n<li data-section-id=\"1onsjsi\" data-start=\"2536\" data-end=\"2612\">Potwierdzasz, \u017ce posiadasz pe\u0142ne prawa do wykorzystania wszystkich obraz\u00f3w, film\u00f3w i materia\u0142\u00f3w.<\/li>\n<li data-section-id=\"1mwjmfu\" data-start=\"2613\" data-end=\"2691\">Udzielasz firmie Italista praw opisanych powy\u017cej do korzystania z platformy i jej promocji.<\/li>\n<\/ul>\n<hr data-start=\"2693\" data-end=\"2696\">\n<h2 data-section-id=\"18wlrdj\" data-start=\"2698\" data-end=\"2721\"><span role=\"text\"><strong data-start=\"2701\" data-end=\"2721\">7. Rola platformy<\/strong><\/span><\/h2>\n<ul data-start=\"2722\" data-end=\"2935\">\n<li data-section-id=\"zxf2bh\" data-start=\"2722\" data-end=\"2785\">Italista dzia\u0142a wy\u0142\u0105cznie jako <strong data-start=\"2750\" data-end=\"2784\">platforma marketingowa i ofertowa<\/strong>.<\/li>\n<li data-section-id=\"1h3how8\" data-start=\"2786\" data-end=\"2853\">Nie jeste\u015bmy stron\u0105 \u017cadnej transakcji pomi\u0119dzy kupuj\u0105cymi i sprzedaj\u0105cymi.<\/li>\n<li data-section-id=\"1apbqvt\" data-start=\"2854\" data-end=\"2935\">Nie gwarantujemy dok\u0142adno\u015bci ofert ani wyniku \u017cadnej transakcji.<\/li>\n<\/ul>\n<hr data-start=\"2937\" data-end=\"2940\">\n<h2 data-section-id=\"1mkmm14\" data-start=\"2942\" data-end=\"2973\"><span role=\"text\"><strong data-start=\"2945\" data-end=\"2973\">8. Obowi\u0105zki u\u017cytkownika<\/strong><\/span><\/h2>\n<p data-start=\"2974\" data-end=\"2993\">U\u017cytkownicy zgadzaj\u0105 si\u0119, \u017ce nie b\u0119d\u0105:<\/p>\n<ul data-start=\"2994\" data-end=\"3179\">\n<li data-section-id=\"nbwg3\" data-start=\"2994\" data-end=\"3044\">Przesy\u0142aj fa\u0142szywe, wprowadzaj\u0105ce w b\u0142\u0105d lub oszuka\u0144cze oferty<\/li>\n<li data-section-id=\"t5bw3p\" data-start=\"3045\" data-end=\"3085\">U\u017cywaj platformy do cel\u00f3w niezgodnych z prawem<\/li>\n<li data-section-id=\"2pzqji\" data-start=\"3086\" data-end=\"3135\">Kopiowanie lub niew\u0142a\u015bciwe wykorzystywanie ofert lub tre\u015bci innych u\u017cytkownik\u00f3w<\/li>\n<li data-section-id=\"1e7hlgz\" data-start=\"3136\" data-end=\"3179\">Pr\u00f3ba uszkodzenia lub zak\u0142\u00f3cenia dzia\u0142ania platformy<\/li>\n<\/ul>\n<hr data-start=\"3181\" data-end=\"3184\">\n<h2 data-section-id=\"1tgnoec\" data-start=\"3186\" data-end=\"3215\"><span role=\"text\"><strong data-start=\"3189\" data-end=\"3215\">9. Usuwanie ofert<\/strong><\/span><\/h2>\n<p data-start=\"3216\" data-end=\"3247\">Italista zastrzega sobie prawo do:<\/p>\n<ul data-start=\"3248\" data-end=\"3411\">\n<li data-section-id=\"7kjhzt\" data-start=\"3248\" data-end=\"3316\">Usu\u0144 lub edytuj oferty bez powiadomienia, je\u015bli naruszaj\u0105 niniejsze Warunki<\/li>\n<li data-section-id=\"bxk1tj\" data-start=\"3317\" data-end=\"3355\">Usu\u0144 nieaktywne lub nieaktualne oferty<\/li>\n<li data-section-id=\"10mnf00\" data-start=\"3356\" data-end=\"3411\">Zawie\u015b lub zamknij konta, kt\u00f3re naruszaj\u0105 te zasady<\/li>\n<\/ul>\n<hr data-start=\"3413\" data-end=\"3416\">\n<h2 data-section-id=\"x185m4\" data-start=\"3418\" data-end=\"3452\"><span role=\"text\"><strong data-start=\"3421\" data-end=\"3452\">10. Ograniczenie odpowiedzialno\u015bci<\/strong><\/span><\/h2>\n<ul data-start=\"3453\" data-end=\"3617\">\n<li data-section-id=\"1wswxi7\" data-start=\"3453\" data-end=\"3617\">Italista nie ponosi odpowiedzialno\u015bci za straty, szkody lub spory wynikaj\u0105ce z:<br><ul data-start=\"3531\" data-end=\"3617\">\n<li data-section-id=\"row448\" data-start=\"3531\" data-end=\"3554\">Transakcje nieruchomo\u015bci<\/li>\n<li data-section-id=\"rqe3sv\" data-start=\"3557\" data-end=\"3588\">Nieprawid\u0142owe informacje o ofercie<\/li>\n<li data-section-id=\"ad6sm9\" data-start=\"3591\" data-end=\"3617\">Interakcje z osobami trzecimi<\/li>\n<\/ul>\n<\/li>\n<\/ul>\n<p data-start=\"3619\" data-end=\"3659\">Korzystasz z platformy na w\u0142asne ryzyko.<\/p>\n<hr data-start=\"3661\" data-end=\"3664\">\n<h2 data-section-id=\"ph0cew\" data-start=\"3666\" data-end=\"3693\"><span role=\"text\"><strong data-start=\"3669\" data-end=\"3693\">11. Zmiany Warunk\u00f3w<\/strong><\/span><\/h2>\n<p data-start=\"3694\" data-end=\"3814\">Mo\u017cemy aktualizowa\u0107 niniejszy Regulamin w dowolnym momencie. Dalsze korzystanie z platformy oznacza akceptacj\u0119 wszelkich zmian.<\/p>\n<hr data-start=\"3816\" data-end=\"3819\">\n<h2 data-section-id=\"twymxh\" data-start=\"3821\" data-end=\"3845\"><span role=\"text\"><strong data-start=\"3824\" data-end=\"3845\">12. Prawo w\u0142a\u015bciwe<\/strong><\/span><\/h2>\n<p data-start=\"3846\" data-end=\"3922\">Niniejsze Warunki podlegaj\u0105 przepisom prawa europejskiego i mi\u0119dzynarodowego.<\/p>\n<hr data-start=\"3924\" data-end=\"3927\">\n<h2 data-section-id=\"165z2jt\" data-start=\"3929\" data-end=\"3947\"><span role=\"text\"><strong data-start=\"3932\" data-end=\"3947\">13. Kontakt<\/strong><\/span><\/h2>\n<p data-start=\"3948\" data-end=\"4040\">W razie pyta\u0144 prosimy o kontakt:<br data-start=\"3982\" data-end=\"3985\"><img decoding=\"async\" class=\"emoji\" role=\"img\" draggable=\"false\" src=\"https:\/\/s.w.org\/images\/core\/emoji\/17.0.2\/svg\/1f4e7.svg\" alt=\"\ud83d\udce7\"> <a class=\"decorated-link cursor-pointer\" rel=\"noopener\" data-start=\"3988\" data-end=\"4008\">support@italista.it<\/a><\/p>\n<p data-start=\"3948\" data-end=\"4040\"><strong data-start=\"4137\" data-end=\"4307\">Tworz\u0105c konto, akceptujesz nasze Warunki korzystania z serwisu i udzielasz firmie Italista pozwolenia na u\u017cywanie i promowanie Twoich ofert na naszej stronie internetowej oraz w mediach spo\u0142eczno\u015bciowych.<\/strong><\/p>\t\t\t\t\t\t\t\t<\/div>\n\t\t\t\t\t<\/div>\n\t\t\t\t<\/div>\n\t\t\t\t<\/div>","protected":false},"excerpt":{"rendered":"<p>Terms &amp; Conditions \u2013 Italista Platform 1. Introduction Welcome to Italista \u2013 Italian Property &amp; Services Marketplace. By creating an account or submitting a listing on this platform, you agree to comply with and be bound by the following Terms &amp; Conditions. If you do not agree, please do not use our services. 2. Acceptance [&hellip;]<\/p>\n","protected":false},"author":1,"featured_media":0,"parent":0,"menu_order":0,"comment_status":"closed","ping_status":"closed","template":"","meta":{"footnotes":""},"class_list":["post-745","page","type-page","status-publish","hentry"],"_hostinger_reach_plugin_has_subscription_block":false,"_hostinger_reach_plugin_is_elementor":false,"_links":{"self":[{"href":"https:\/\/italista.it\/pl\/wp-json\/wp\/v2\/pages\/745","targetHints":{"allow":["GET"]}}],"collection":[{"href":"https:\/\/italista.it\/pl\/wp-json\/wp\/v2\/pages"}],"about":[{"href":"https:\/\/italista.it\/pl\/wp-json\/wp\/v2\/types\/page"}],"author":[{"embeddable":true,"href":"https:\/\/italista.it\/pl\/wp-json\/wp\/v2\/users\/1"}],"replies":[{"embeddable":true,"href":"https:\/\/italista.it\/pl\/wp-json\/wp\/v2\/comments?post=745"}],"version-history":[{"count":9,"href":"https:\/\/italista.it\/pl\/wp-json\/wp\/v2\/pages\/745\/revisions"}],"predecessor-version":[{"id":18226,"href":"https:\/\/italista.it\/pl\/wp-json\/wp\/v2\/pages\/745\/revisions\/18226"}],"wp:attachment":[{"href":"https:\/\/italista.it\/pl\/wp-json\/wp\/v2\/media?parent=745"}],"curies":[{"name":"wp","href":"https:\/\/api.w.org\/{rel}","templated":true}]}}